{"id":210,"date":"2010-08-14T14:55:48","date_gmt":"2010-08-14T12:55:48","guid":{"rendered":"http:\/\/www.shadowflame-kujata.de\/site\/?page_id=2"},"modified":"2013-06-20T21:16:27","modified_gmt":"2013-06-20T19:16:27","slug":"eine-seite","status":"publish","type":"page","link":"http:\/\/www.shadowflame-linkshell.de\/site\/?page_id=210","title":{"rendered":"LS-Geschichte"},"content":{"rendered":"<p>Die Wurzeln der Shadowflame wurden bereits Anfang 2004 gelegt, als Meia &amp; Nordstern die FFXI-Linkshell &#8222;IvoryKnights&#8220; gr\u00fcndeten. In dieser Linkshell gab es im Laufe der Zeit immer mehr deutsche Spieler, auch wenn es eigentlich keine reine deutschsprachige war. Dennoch wurde sie zum Sammelpunkt f\u00fcr die wenigen deutschsprachigen Spieler auf dem kleinen Server Kujata.<br \/>\nLeider ging die Memberzahl Ende 2004 immer mehr zur\u00fcck. Auch der Leader und fast alle Pearlsack holder waren verschwunden, und die meisten wissen, dass eine Linkshell ohne Leader nicht lange \u00fcberlebt, also gr\u00fcndete der \u00fcbrig gebliebene deutschsprachige Teil der Linkshell (Bhadariel, Ilara, Fenrar und Fidi) im Januar 2005 die &#8222;Shadowflame&#8220;-Linkshell. Nun war die Absicht jedoch, eine rein deutschsprachige Linkshell zu betreiben.<br \/>\nDie Memberzahl stieg anfangs recht schnell an, jedoch fiel sie im Februar wieder, da durch das Deutschlandrelease von World of Warcraft viele Spieler wechselten.<br \/>\nIm M\u00e4rz wurde die deutsche Linkshell &#8222;Panzerkunst&#8220; aufgel\u00f6st und wir konnten wieder viele neue Member aus dieser LS f\u00fcr uns gewinnen. Allerdings hatten wir auch einen Verlust zu beklagen: Der erste Mitgr\u00fcnder, Fenrar, h\u00f6rte auf mit FFXI.<br \/>\nIm April schien es kurzzeitig so, als w\u00e4re das Ende von Shadowflame im Anmarsch, denn zwei weitere Mitgr\u00fcnder, Bhadariel und Ilara, h\u00f6rten auf zu spielen. Bhadariel hat dann jedoch Fidi die M\u00f6glichkeit gegeben, die Linkshell zu \u00fcbernehmen, indem er die alte Pearl zerbrach und Fidi ein paar Gil f\u00fcr die neue LS zuschickte.<br \/>\nFidi erstellte also eine neue LS mit dem gleichen Namen &#8222;Shadowflame&#8220; und verteilte die Linkpearls an alle ehemaligen Member. Als sich uns Elegie kurze Zeit sp\u00e4ter mit ihrer LS &#8222;ProtectorsofVanadiel&#8220; anschloss, waren wir von dem Zeitpunkt an die einzige und somit auch gr\u00f6\u00dfte deutschsprachige Linkshell auf Kujata.<br \/>\nVon hier an lief es dann recht rund in unserer Linkshell. Es entstanden unz\u00e4hlige Static Parties, z.B. zum Leveln oder aber auch f\u00fcr Quests und Missions. Die Endgame Static Parties &#8222;SG1&#8220; und &#8222;Empty Shadow&#8220; z.B. durchliefen zusammen erfolgreich die gesamte Expansion &#8222;Chains of Promathia&#8220; vom ersten bis zum letzten Kapitel.<br \/>\n2008 begann die Sache jedoch, im Sand zu verlaufen. 2009 war dann auch im Forum totenstille. Als jedoch der Start von Final Fantasy 14 immer n\u00e4her kam, entschlossen sich Ilara und Fidi im Mai 2010, Shadowflame in FF14 wieder aufleben zu lassen. Ilara schickte eine Rundmail an alle bekannten ehemaligen Mitglieder und verk\u00fcndete die Nachricht. Fidi stellte in dieser Zeit das Forum auf eine aktuelle Version um, \u00e4nderte das Design und postete die Nachricht f\u00fcr den Neuanfang f\u00fcr alle, die noch zuf\u00e4llig vorbei schauen. Black Rose, der erste mit Beta-Zugang, erstellte in der Zwischenzeit den ersten Shadowflame-Kontaktkreis auf Gysahl. Am 17.9.2010 entschieden wir uns dann, auch zur Releaseversion auf Gysahl zu bleiben.<br \/>\nIm M\u00e4rz 2012 wurde von Square Enix eine Serverzusammenlegung einschlie\u00dflich der M\u00f6glichkeit, die Server zu wechseln, angeboten. Nach einer Umfrage unter den Mitgliedern endschieden wir uns daf\u00fcr, zum EU-Server &#8222;Ragnarok&#8220; zu wechseln. Hier reanimierten wir unsere alte Endgame-Gruppe &#8222;Empty Shadow&#8220;, jedoch dieses mal als separate Linkshell, die dieses mal auch f\u00fcr englischsprachige Spieler offen war. Gleichzeitig f\u00fchrten wir auch englischsprachige News f\u00fcr die Endgame-Gruppe auf unserer Homepage ein. Mit dieser Gruppe konnten wir bis zur Schlie\u00dfung von Version 1.0 im November 2012 gro\u00dfe Erfolge verzeichnen. Alle Dungeons konnten als Speedrun gemeistert werden und auch die Primal-K\u00e4mpfe Ifrit, Moogle und Garuda waren kein Problem mehr. Bei der finalen Schlie\u00dfung der 1.0-Server war fast die gesamte Linkshell anwesend &#8211; obwohl das an einem Sonntagmorgen um 9:00 Uhr war. Wir standen Hand in Hand in Mor Dhona und gingen gemeinsam mit dem Einschlag Dalamuds unter. Vorerst. \ud83d\ude09<br \/>\nIm Fr\u00fchjahr 2013 waren wir als lose Gruppe in der Beta von Version 2.0 (A Realm Reborn) zun\u00e4chst auf den Testservern Bahamut und Odin vertreten. Als die Legacy-Server dann im Juni wirder hochgefahren wurden, kehrten wir mit unseren alten Charakteren zu Ragnarok zur\u00fcck und versuchten, zum bevorstehenden Release unsere Strukturen etwas zu vereinfachen: Die Linkshell Shadowflame blieb traditionell eine deutsche Casual-Linkshell. Unsere englischsprachige Endgame-Gruppe lagerten wir jedoch in die in V2 eingef\u00fchrten freien Gesellschaften aus.<\/p>\n","protected":false},"excerpt":{"rendered":"<p>Die Wurzeln der Shadowflame wurden bereits Anfang 2004 gelegt, als Meia &amp; Nordstern die FFXI-Linkshell &#8222;IvoryKnights&#8220; gr\u00fcndeten. In dieser Linkshell gab es im Laufe der Zeit immer mehr deutsche Spieler, auch wenn es eigentlich keine reine deutschsprachige war. Dennoch wurde sie zum Sammelpunkt f\u00fcr die wenigen deutschsprachigen Spieler auf dem kleinen Server Kujata. Leider ging [&hellip;]<\/p>\n","protected":false},"author":1,"featured_media":0,"parent":0,"menu_order":0,"comment_status":"open","ping_status":"open","template":"","meta":{"ngg_post_thumbnail":0,"footnotes":""},"class_list":["post-210","page","type-page","status-publish","hentry"],"_links":{"self":[{"href":"http:\/\/www.shadowflame-linkshell.de\/site\/index.php?rest_route=\/wp\/v2\/pages\/210","targetHints":{"allow":["GET"]}}],"collection":[{"href":"http:\/\/www.shadowflame-linkshell.de\/site\/index.php?rest_route=\/wp\/v2\/pages"}],"about":[{"href":"http:\/\/www.shadowflame-linkshell.de\/site\/index.php?rest_route=\/wp\/v2\/types\/page"}],"author":[{"embeddable":true,"href":"http:\/\/www.shadowflame-linkshell.de\/site\/index.php?rest_route=\/wp\/v2\/users\/1"}],"replies":[{"embeddable":true,"href":"http:\/\/www.shadowflame-linkshell.de\/site\/index.php?rest_route=%2Fwp%2Fv2%2Fcomments&post=210"}],"version-history":[{"count":5,"href":"http:\/\/www.shadowflame-linkshell.de\/site\/index.php?rest_route=\/wp\/v2\/pages\/210\/revisions"}],"predecessor-version":[{"id":1165,"href":"http:\/\/www.shadowflame-linkshell.de\/site\/index.php?rest_route=\/wp\/v2\/pages\/210\/revisions\/1165"}],"wp:attachment":[{"href":"http:\/\/www.shadowflame-linkshell.de\/site\/index.php?rest_route=%2Fwp%2Fv2%2Fmedia&parent=210"}],"curies":[{"name":"wp","href":"https:\/\/api.w.org\/{rel}","templated":true}]}}